{"id":4466,"date":"2025-12-23T15:26:02","date_gmt":"2025-12-23T14:26:02","guid":{"rendered":"https:\/\/schweizer-macher.smile-supporting.ch\/campagnes-2\/"},"modified":"2026-01-02T09:54:31","modified_gmt":"2026-01-02T08:54:31","slug":"campagnes-2","status":"publish","type":"page","link":"https:\/\/schweizer-macher.smile-supporting.ch\/fr\/campagnes-2\/","title":{"rendered":"Campagnes"},"content":{"rendered":"<p><div class=\"fusion-fullwidth fullwidth-box fusion-builder-row-1 fusion-flex-container has-pattern-background has-mask-background nonhundred-percent-fullwidth non-hundred-percent-height-scrolling\" style=\"--awb-border-radius-top-left:0px;--awb-border-radius-top-right:0px;--awb-border-radius-bottom-right:0px;--awb-border-radius-bottom-left:0px;--awb-padding-bottom:80px;--awb-flex-wrap:wrap;\" ><div class=\"fusion-builder-row fusion-row fusion-flex-align-items-flex-start fusion-flex-content-wrap\" style=\"max-width:1248px;margin-left: calc(-4% \/ 2 );margin-right: calc(-4% \/ 2 );\"><div class=\"fusion-layout-column fusion_builder_column fusion-builder-column-0 fusion_builder_column_1_1 1_1 fusion-flex-column\" style=\"--awb-bg-size:cover;--awb-width-large:100%;--awb-margin-top-large:0px;--awb-spacing-right-large:1.92%;--awb-margin-bottom-large:20px;--awb-spacing-left-large:1.92%;--awb-width-medium:100%;--awb-order-medium:0;--awb-spacing-right-medium:1.92%;--awb-spacing-left-medium:1.92%;--awb-width-small:100%;--awb-order-small:0;--awb-spacing-right-small:1.92%;--awb-spacing-left-small:1.92%;\"><div class=\"fusion-column-wrapper fusion-column-has-shadow fusion-flex-justify-content-flex-start fusion-content-layout-column\"><div class=\"fusion-title title fusion-title-1 fusion-sep-none fusion-title-text fusion-title-size-two\" style=\"--awb-margin-top-small:10px;--awb-margin-right-small:0px;--awb-margin-bottom-small:10px;--awb-margin-left-small:0px;--awb-font-size:var(--awb-typography1-font-size);\"><h2 class=\"fusion-title-heading title-heading-left fusion-responsive-typography-calculated\" style=\"font-family:&quot;Roboto&quot;;font-style:normal;font-weight:600;margin:0;letter-spacing:var(--awb-typography1-letter-spacing);text-transform:var(--awb-typography1-text-transform);font-size:1em;--fontSize:48;line-height:var(--awb-typography1-line-height);\">A nous de jouer&#8230;<\/h2><\/div><div class=\"fusion-title title fusion-title-2 fusion-sep-none fusion-title-text fusion-title-size-two\" style=\"--awb-margin-top-small:10px;--awb-margin-right-small:0px;--awb-margin-bottom-small:10px;--awb-margin-left-small:0px;--awb-font-size:32px;\"><h2 class=\"fusion-title-heading title-heading-left fusion-responsive-typography-calculated\" style=\"font-family:&quot;Roboto&quot;;font-style:normal;font-weight:400;margin:0;letter-spacing:var(--awb-typography1-letter-spacing);text-transform:var(--awb-typography1-text-transform);font-size:1em;--fontSize:32;line-height:var(--awb-typography1-line-height);\">&#8230; et ont besoin de soutien<\/h2><\/div><\/div><\/div><div class=\"fusion-layout-column fusion_builder_column fusion-builder-column-1 fusion_builder_column_1_1 1_1 fusion-flex-column\" style=\"--awb-bg-size:cover;--awb-width-large:100%;--awb-margin-top-large:0px;--awb-spacing-right-large:1.92%;--awb-margin-bottom-large:20px;--awb-spacing-left-large:1.92%;--awb-width-medium:100%;--awb-order-medium:0;--awb-spacing-right-medium:1.92%;--awb-spacing-left-medium:1.92%;--awb-width-small:100%;--awb-order-small:0;--awb-spacing-right-small:1.92%;--awb-spacing-left-small:1.92%;\"><div class=\"fusion-column-wrapper fusion-column-has-shadow fusion-flex-justify-content-flex-start fusion-content-layout-column\"><div class=\"fusion-post-cards fusion-post-cards-1 fusion-grid-archive fusion-grid-columns-3\" style=\"--awb-dots-align:center;--awb-columns:3;--awb-active-filter-border-size:3px;--awb-filters-height:36px;--awb-filters-alignment-medium:flex-start;--awb-filters-alignment-small:flex-start;\" data-post-type-label=\"articles\"><div><ul class=\"fusion-filters\" role=\"menu\" aria-label=\"Post Filters\"><li role=\"presentation\" class=\"fusion-filter fusion-filter-all fusion-active\"><a href=\"#\" data-filter=\"*\" role=\"menuitem\">All<\/a><\/li><\/ul><\/div><ul class=\"fusion-grid fusion-grid-3 fusion-flex-align-items-flex-start fusion-grid-posts-cards\"><li class=\"fusion-layout-column fusion_builder_column fusion-builder-column-2 fusion-flex-column fusion-column-inner-bg-wrapper post-card fusion-grid-column fusion-post-cards-grid-column campagnes en-point-de-mire\" style=\"--awb-padding-top:90px;--awb-padding-right:50px;--awb-padding-bottom:90px;--awb-padding-left:50px;--awb-padding-top-medium:50px;--awb-padding-right-medium:20px;--awb-padding-bottom-medium:50px;--awb-padding-left-medium:20px;--awb-padding-top-small:120px;--awb-padding-bottom-small:120px;--awb-inner-bg-image:linear-gradient(45deg, hsla(var(--awb-color4-h),var(--awb-color4-s),var(--awb-color4-l),calc(var(--awb-color4-a) - 15%)) 0%,hsla(var(--awb-custom_color_1-h),var(--awb-custom_color_1-s),var(--awb-custom_color_1-l),calc(var(--awb-custom_color_1-a) - 30%)) 100%),url(https:\/\/schweizer-macher.smile-supporting.ch\/wp-content\/uploads\/2025\/12\/DieSchweizAmScheideweg-eu-rahmenvertrag.jpg);;--awb-inner-bg-position:center center;--awb-inner-bg-blend:multiply;--awb-inner-bg-size:;--awb-box-shadow:5px 5px 5px 0px hsla(var(--awb-color6-h),var(--awb-color6-s),var(--awb-color6-l),calc(var(--awb-color6-a) - 87%));;--awb-filter:opacity(100%);--awb-filter-transition:filter 0.3s ease;--awb-filter-hover:opacity(39%);--awb-flex-grow:0;--awb-flex-shrink:0;--awb-flex-grow-medium:0;--awb-flex-shrink-medium:0;--awb-flex-grow-small:0;--awb-flex-shrink-small:0;\" data-scroll-devices=\"small-visibility,medium-visibility,large-visibility\"><span class=\"fusion-column-inner-bg hover-type-none\"><a class=\"fusion-column-anchor\" href=\"https:\/\/schweizer-macher.smile-supporting.ch\/fr\/contrat-cadre-de-lue\/\"><span class=\"fusion-column-inner-bg-image\"><\/span><\/a><\/span><div class=\"fusion-column-wrapper fusion-column-has-shadow fusion-flex-justify-content-flex-start fusion-content-layout-column fusion-column-has-bg-image\" data-bg-url=\"https:\/\/schweizer-macher.smile-supporting.ch\/wp-content\/uploads\/2025\/12\/DieSchweizAmScheideweg-eu-rahmenvertrag.jpg\"><div class=\"fusion-title title fusion-title-3 fusion-sep-none fusion-title-center fusion-title-text fusion-title-size-four\" style=\"--awb-text-color:var(--awb-color1);--awb-margin-top:16px;--awb-margin-bottom:16px;--awb-margin-top-small:10px;--awb-margin-right-small:0px;--awb-margin-bottom-small:10px;--awb-margin-left-small:0px;--awb-font-size:28px;\"><h4 class=\"fusion-title-heading title-heading-center fusion-responsive-typography-calculated\" style=\"font-family:var(--awb-typography1-font-family);font-weight:var(--awb-typography1-font-weight);font-style:var(--awb-typography1-font-style);margin:0;letter-spacing:var(--awb-typography1-letter-spacing);text-transform:var(--awb-typography1-text-transform);font-size:1em;--fontSize:28;line-height:var(--awb-typography1-line-height);\">Contrat-cadre de l&rsquo;UE<\/h4><\/div><\/div><\/li>\n<\/ul><\/div><\/div><\/div><\/div><\/div><div class=\"fusion-fullwidth fullwidth-box fusion-builder-row-2 fusion-flex-container has-pattern-background has-mask-background fusion-parallax-fixed hundred-percent-fullwidth non-hundred-percent-height-scrolling\" style=\"--awb-background-blend-mode:screen;--awb-border-sizes-top:0px;--awb-border-sizes-bottom:0px;--awb-border-sizes-left:0px;--awb-border-sizes-right:0px;--awb-border-radius-top-left:0px;--awb-border-radius-top-right:0px;--awb-border-radius-bottom-right:0px;--awb-border-radius-bottom-left:0px;--awb-padding-top:80px;--awb-padding-bottom:80px;--awb-padding-top-medium:90px;--awb-padding-bottom-medium:90px;--awb-margin-top:0px;--awb-margin-bottom:0px;--awb-background-image:linear-gradient(180deg, rgba(19,24,68,0) 0%,hsla(var(--awb-custom_color_1-h),var(--awb-custom_color_1-s),var(--awb-custom_color_1-l),calc(var(--awb-custom_color_1-a) - 32%)) 100%),url(https:\/\/schweizer-macher.smile-supporting.ch\/wp-content\/uploads\/2024\/08\/180.png);;--awb-background-size:cover;--awb-flex-wrap:wrap;background-attachment:fixed;\" ><div class=\"awb-background-mask\" style=\"background-image:  url(data:image\/svg+xml;utf8,%3Csvg%20width%3D%221920%22%20height%3D%22954%22%20fill%3D%22none%22%20xmlns%3D%22http%3A%2F%2Fwww.w3.org%2F2000%2Fsvg%22%3E%3Cg%20clip-path%3D%22url%28%23prefix__prefix__clip0_77_23452%29%22%3E%3Cpath%20fill-rule%3D%22evenodd%22%20clip-rule%3D%22evenodd%22%20d%3D%22M1353%20308.5c0%20255.507-131.58%20485.45-341.45%20645.5-187.291%20142.83-436.933%20230-711.05%20230C-280.78%201184-752%20792.025-752%20308.5S-280.78-567%20300.5-567c450.743%200%20835.31%20235.692%20985.3%20567%2043.44%2095.948%2067.2%20199.916%2067.2%20308.5z%22%20fill%3D%22rgba%28255%2C255%2C255%2C1%29%22%2F%3E%3Cpath%20d%3D%22M1321.57%20538C1357.08%20287.516%201273.7%2089.91%201127-.418L1374.18-6c65.77%20100.68-15.89%20431.512-52.61%20544zM312%20955c432.242%200%20746.77-180.667%20850-271-90.34%20157.09-176.766%20246.121-208.688%20271H312z%22%20fill%3D%22rgba%28255%2C255%2C255%2C1%29%22%20fill-opacity%3D%22.25%22%2F%3E%3Cpath%20d%3D%22M1344.5%20427c0-252.4-212.67-390.833-319-428.5H1373c70%2082.4%2010.17%20320-28.5%20428.5z%22%20fill%3D%22rgba%28255%2C255%2C255%2C1%29%22%20fill-opacity%3D%22.1%22%2F%3E%3Cpath%20fill-rule%3D%22evenodd%22%20clip-rule%3D%22evenodd%22%20d%3D%22M1337%20184.5c0%20324.402-198.63%20609.049-497.356%20769.5H0V0h1285.8c-149.99-331.308-534.557-567-985.3-567C-280.78-567-752-175.025-752%20308.5c0%2040.898%203.371%2081.142%209.895%20120.549C-617.527%20811.461-207.995%201092%20278%201092c206.311%200%20398.842-50.56%20561.644-138h171.906C1221.42%20793.95%201353%20564.007%201353%20308.5c0-53.218-5.71-105.326-16.64-155.925.42%2010.596.64%2021.239.64%2031.925z%22%20fill%3D%22rgba%28255%2C255%2C255%2C1%29%22%20fill-opacity%3D%22.5%22%2F%3E%3C%2Fg%3E%3Cdefs%3E%3CclipPath%20id%3D%22prefix__prefix__clip0_77_23452%22%3E%3Cpath%20fill%3D%22rgba%28255%2C255%2C255%2C1%29%22%20d%3D%22M0%200h1920v954H0z%22%2F%3E%3C%2FclipPath%3E%3C%2Fdefs%3E%3C%2Fsvg%3E);opacity: 1 ;transform: scale(1, 1);mix-blend-mode:normal;\"><\/div><div class=\"fusion-builder-row fusion-row fusion-flex-align-items-flex-start fusion-flex-justify-content-center fusion-flex-content-wrap\" style=\"width:calc( 100% + 0px ) !important;max-width:calc( 100% + 0px ) !important;margin-left: calc(-0px \/ 2 );margin-right: calc(-0px \/ 2 );\"><div class=\"fusion-layout-column fusion_builder_column fusion-builder-column-3 fusion-flex-column fusion-animated\" style=\"--awb-bg-size:cover;--awb-width-large:52%;--awb-flex-grow:0;--awb-flex-shrink:0;--awb-margin-top-large:0px;--awb-spacing-right-large:0px;--awb-margin-bottom-large:0px;--awb-spacing-left-large:0px;--awb-width-medium:66.666666666667%;--awb-flex-grow-medium:0;--awb-flex-shrink-medium:0;--awb-spacing-right-medium:0px;--awb-spacing-left-medium:0px;--awb-width-small:100%;--awb-flex-grow-small:0;--awb-flex-shrink-small:0;--awb-spacing-right-small:0px;--awb-spacing-left-small:0px;\" data-animationType=\"fadeIn\" data-animationDuration=\"1.0\" data-animationOffset=\"top-into-view\"><div class=\"fusion-column-wrapper fusion-column-has-shadow fusion-flex-justify-content-center fusion-content-layout-column\"><div class=\"fusion-image-element \" style=\"text-align:center;--awb-max-width:300px;--awb-caption-title-font-family:var(--h2_typography-font-family);--awb-caption-title-font-weight:var(--h2_typography-font-weight);--awb-caption-title-font-style:var(--h2_typography-font-style);--awb-caption-title-size:var(--h2_typography-font-size);--awb-caption-title-transform:var(--h2_typography-text-transform);--awb-caption-title-line-height:var(--h2_typography-line-height);--awb-caption-title-letter-spacing:var(--h2_typography-letter-spacing);\"><span class=\" fusion-imageframe imageframe-none imageframe-1 hover-type-none\"><img decoding=\"async\" width=\"300\" height=\"300\" alt=\"Logo Suisse Macher\" title=\"logo-300-fabricants-suisses\" src=\"https:\/\/schweizer-macher.smile-supporting.ch\/wp-content\/uploads\/2025\/12\/logo-300-schweiz-macher.png\" class=\"img-responsive wp-image-4711\" srcset=\"https:\/\/schweizer-macher.smile-supporting.ch\/wp-content\/uploads\/2025\/12\/logo-300-schweiz-macher-200x200.png 200w, https:\/\/schweizer-macher.smile-supporting.ch\/wp-content\/uploads\/2025\/12\/logo-300-schweiz-macher.png 300w\" sizes=\"(max-width: 640px) 100vw, 300px\" \/><\/span><\/div><div class=\"fusion-title title fusion-title-4 fusion-sep-none fusion-title-center fusion-title-text fusion-title-size-div\" style=\"--awb-text-color:var(--awb-color4);--awb-margin-bottom:5px;--awb-margin-top-small:10px;--awb-margin-right-small:0px;--awb-margin-bottom-small:10px;--awb-margin-left-small:0px;--awb-font-size:14px;\"><div class=\"fusion-title-heading title-heading-center title-heading-tag fusion-responsive-typography-calculated\" style=\"font-family:&quot;Lato&quot;;font-style:normal;font-weight:400;margin:0;letter-spacing:2px;text-transform:uppercase;font-size:1em;--fontSize:14;--minFontSize:14;line-height:1.7;\"><p style=\"text-align: center;\">\u00c0 propos de nous<\/p><\/div><\/div><div class=\"fusion-title title fusion-title-5 fusion-sep-none fusion-title-center fusion-title-text fusion-title-size-two\" style=\"--awb-text-color:var(--awb-color6);--awb-margin-bottom:40px;--awb-margin-top-small:10px;--awb-margin-right-small:0px;--awb-margin-bottom-small:40px;--awb-margin-left-small:0px;--awb-font-size:var(--awb-typography1-font-size);\"><h2 class=\"fusion-title-heading title-heading-center fusion-responsive-typography-calculated\" style=\"font-family:&quot;Roboto&quot;;font-style:normal;font-weight:700;margin:0;letter-spacing:var(--awb-typography1-letter-spacing);text-transform:var(--awb-typography1-text-transform);font-size:1em;--fontSize:48;line-height:var(--awb-typography1-line-height);\">Organisation et structure<\/h2><\/div><div class=\"fusion-text fusion-text-1\" style=\"--awb-content-alignment:center;--awb-font-size:20px;--awb-line-height:1.52;--awb-letter-spacing:var(--awb-typography4-letter-spacing);--awb-text-transform:var(--awb-typography4-text-transform);--awb-text-color:var(--awb-color8);--awb-text-font-family:&quot;Roboto&quot;;--awb-text-font-style:normal;--awb-text-font-weight:400;\"><p>La Suisse \u00ab\u00a0faiseur de Suisse\u00a0\u00bb se compose de quatre types de membres. La Suisse \u00ab\u00a0b\u00e2tisseurs de Suisse\u00a0\u00bb n&rsquo;a pas de hi\u00e9rarchie et se divise uniquement en fonction de l&rsquo;effort qu&rsquo;un membre est pr\u00eat \u00e0 fournir pour le succ\u00e8s de l&rsquo;association.<\/p>\n<\/div><div style=\"text-align:center;\"><a class=\"fusion-button button-flat button-xlarge button-default fusion-button-default button-1 fusion-button-default-span \" style=\"--awb-margin-top:40px;--button_text_transform:var(--awb-typography4-text-transform);--button_typography-letter-spacing:var(--awb-typography4-letter-spacing);--button_typography-font-family:var(--awb-typography4-font-family);--button_typography-font-weight:var(--awb-typography4-font-weight);--button_typography-font-style:var(--awb-typography4-font-style);\" target=\"_self\" href=\"https:\/\/schweizer-macher.smile-supporting.ch\/fr\/a-propos-de-nous\/\"><span class=\"fusion-button-text awb-button__text awb-button__text--default\">En savoir plus<\/span><\/a><\/div><\/div><\/div><\/div><\/div>\n<\/p>\n","protected":false},"excerpt":{"rendered":"","protected":false},"author":2,"featured_media":0,"parent":0,"menu_order":0,"comment_status":"closed","ping_status":"closed","template":"100-width.php","meta":{"footnotes":""},"class_list":["post-4466","page","type-page","status-publish","hentry"],"yoast_head":"<!-- This site is optimized with the Yoast SEO plugin v27.4 - https:\/\/yoast.com\/product\/yoast-seo-wordpress\/ -->\n<title>Campagnes - Schweiz Macher<\/title>\n<meta name=\"robots\" content=\"noindex, follow, max-snippet:-1, max-image-preview:large, max-video-preview:-1\" \/>\n<meta property=\"og:locale\" content=\"fr_FR\" \/>\n<meta property=\"og:type\" content=\"article\" \/>\n<meta property=\"og:title\" content=\"Campagnes - Schweiz Macher\" \/>\n<meta property=\"og:url\" content=\"https:\/\/schweizer-macher.smile-supporting.ch\/fr\/campagnes-2\/\" \/>\n<meta property=\"og:site_name\" content=\"Schweiz Macher\" \/>\n<meta property=\"article:modified_time\" content=\"2026-01-02T08:54:31+00:00\" \/>\n<meta name=\"twitter:card\" content=\"summary_large_image\" \/>\n<meta name=\"twitter:label1\" content=\"Dur\u00e9e de lecture estim\u00e9e\" \/>\n\t<meta name=\"twitter:data1\" content=\"10 minutes\" \/>\n<script type=\"application\/ld+json\" class=\"yoast-schema-graph\">{\"@context\":\"https:\\\/\\\/schema.org\",\"@graph\":[{\"@type\":\"WebPage\",\"@id\":\"https:\\\/\\\/schweizer-macher.smile-supporting.ch\\\/fr\\\/campagnes-2\\\/\",\"url\":\"https:\\\/\\\/schweizer-macher.smile-supporting.ch\\\/fr\\\/campagnes-2\\\/\",\"name\":\"Campagnes - Schweiz Macher\",\"isPartOf\":{\"@id\":\"https:\\\/\\\/schweizer-macher.smile-supporting.ch\\\/fr\\\/#website\"},\"datePublished\":\"2025-12-23T14:26:02+00:00\",\"dateModified\":\"2026-01-02T08:54:31+00:00\",\"breadcrumb\":{\"@id\":\"https:\\\/\\\/schweizer-macher.smile-supporting.ch\\\/fr\\\/campagnes-2\\\/#breadcrumb\"},\"inLanguage\":\"fr-FR\",\"potentialAction\":[{\"@type\":\"ReadAction\",\"target\":[\"https:\\\/\\\/schweizer-macher.smile-supporting.ch\\\/fr\\\/campagnes-2\\\/\"]}]},{\"@type\":\"BreadcrumbList\",\"@id\":\"https:\\\/\\\/schweizer-macher.smile-supporting.ch\\\/fr\\\/campagnes-2\\\/#breadcrumb\",\"itemListElement\":[{\"@type\":\"ListItem\",\"position\":1,\"name\":\"Startseite\",\"item\":\"https:\\\/\\\/schweizer-macher.smile-supporting.ch\\\/fr\\\/suisse-macher\\\/\"},{\"@type\":\"ListItem\",\"position\":2,\"name\":\"Campagnes\"}]},{\"@type\":\"WebSite\",\"@id\":\"https:\\\/\\\/schweizer-macher.smile-supporting.ch\\\/fr\\\/#website\",\"url\":\"https:\\\/\\\/schweizer-macher.smile-supporting.ch\\\/fr\\\/\",\"name\":\"Schweiz Macher\",\"description\":\"Weil wir es machen!\",\"potentialAction\":[{\"@type\":\"SearchAction\",\"target\":{\"@type\":\"EntryPoint\",\"urlTemplate\":\"https:\\\/\\\/schweizer-macher.smile-supporting.ch\\\/fr\\\/?s={search_term_string}\"},\"query-input\":{\"@type\":\"PropertyValueSpecification\",\"valueRequired\":true,\"valueName\":\"search_term_string\"}}],\"inLanguage\":\"fr-FR\"}]}<\/script>\n<!-- \/ Yoast SEO plugin. -->","yoast_head_json":{"title":"Campagnes - Schweiz Macher","robots":{"index":"noindex","follow":"follow","max-snippet":"max-snippet:-1","max-image-preview":"max-image-preview:large","max-video-preview":"max-video-preview:-1"},"og_locale":"fr_FR","og_type":"article","og_title":"Campagnes - Schweiz Macher","og_url":"https:\/\/schweizer-macher.smile-supporting.ch\/fr\/campagnes-2\/","og_site_name":"Schweiz Macher","article_modified_time":"2026-01-02T08:54:31+00:00","twitter_card":"summary_large_image","twitter_misc":{"Dur\u00e9e de lecture estim\u00e9e":"10 minutes"},"schema":{"@context":"https:\/\/schema.org","@graph":[{"@type":"WebPage","@id":"https:\/\/schweizer-macher.smile-supporting.ch\/fr\/campagnes-2\/","url":"https:\/\/schweizer-macher.smile-supporting.ch\/fr\/campagnes-2\/","name":"Campagnes - Schweiz Macher","isPartOf":{"@id":"https:\/\/schweizer-macher.smile-supporting.ch\/fr\/#website"},"datePublished":"2025-12-23T14:26:02+00:00","dateModified":"2026-01-02T08:54:31+00:00","breadcrumb":{"@id":"https:\/\/schweizer-macher.smile-supporting.ch\/fr\/campagnes-2\/#breadcrumb"},"inLanguage":"fr-FR","potentialAction":[{"@type":"ReadAction","target":["https:\/\/schweizer-macher.smile-supporting.ch\/fr\/campagnes-2\/"]}]},{"@type":"BreadcrumbList","@id":"https:\/\/schweizer-macher.smile-supporting.ch\/fr\/campagnes-2\/#breadcrumb","itemListElement":[{"@type":"ListItem","position":1,"name":"Startseite","item":"https:\/\/schweizer-macher.smile-supporting.ch\/fr\/suisse-macher\/"},{"@type":"ListItem","position":2,"name":"Campagnes"}]},{"@type":"WebSite","@id":"https:\/\/schweizer-macher.smile-supporting.ch\/fr\/#website","url":"https:\/\/schweizer-macher.smile-supporting.ch\/fr\/","name":"Schweiz Macher","description":"Weil wir es machen!","potentialAction":[{"@type":"SearchAction","target":{"@type":"EntryPoint","urlTemplate":"https:\/\/schweizer-macher.smile-supporting.ch\/fr\/?s={search_term_string}"},"query-input":{"@type":"PropertyValueSpecification","valueRequired":true,"valueName":"search_term_string"}}],"inLanguage":"fr-FR"}]}},"_links":{"self":[{"href":"https:\/\/schweizer-macher.smile-supporting.ch\/fr\/wp-json\/wp\/v2\/pages\/4466","targetHints":{"allow":["GET"]}}],"collection":[{"href":"https:\/\/schweizer-macher.smile-supporting.ch\/fr\/wp-json\/wp\/v2\/pages"}],"about":[{"href":"https:\/\/schweizer-macher.smile-supporting.ch\/fr\/wp-json\/wp\/v2\/types\/page"}],"author":[{"embeddable":true,"href":"https:\/\/schweizer-macher.smile-supporting.ch\/fr\/wp-json\/wp\/v2\/users\/2"}],"replies":[{"embeddable":true,"href":"https:\/\/schweizer-macher.smile-supporting.ch\/fr\/wp-json\/wp\/v2\/comments?post=4466"}],"version-history":[{"count":2,"href":"https:\/\/schweizer-macher.smile-supporting.ch\/fr\/wp-json\/wp\/v2\/pages\/4466\/revisions"}],"predecessor-version":[{"id":4468,"href":"https:\/\/schweizer-macher.smile-supporting.ch\/fr\/wp-json\/wp\/v2\/pages\/4466\/revisions\/4468"}],"wp:attachment":[{"href":"https:\/\/schweizer-macher.smile-supporting.ch\/fr\/wp-json\/wp\/v2\/media?parent=4466"}],"curies":[{"name":"wp","href":"https:\/\/api.w.org\/{rel}","templated":true}]}}